{"id":1074,"date":"2015-03-11T10:26:31","date_gmt":"2015-03-11T09:26:31","guid":{"rendered":"http:\/\/cplosarcos.educacion.navarra.es\/blogs\/?page_id=1074"},"modified":"2020-03-09T09:20:25","modified_gmt":"2020-03-09T08:20:25","slug":"mision-vision-y-valores","status":"publish","type":"page","link":"https:\/\/cplosarcos.educacion.navarra.es\/blogs\/mision-vision-y-valores\/","title":{"rendered":"MISI\u00d3N, VISI\u00d3N Y VALORES"},"content":{"rendered":"<p>La Misi\u00f3n, Visi\u00f3n y Valores de nuestro centro son los siguientes.<\/p>\n<p><a href=\"https:\/\/docs.google.com\/presentation\/d\/e\/2PACX-1vR0n-wJnjmbIyxPUc0XXAI2VDJ83u10my029i3_lv0ML0EOF3Xhb5xuQjpWMreY76vaWDu22_uYD9p8\/pub?start=false&amp;loop=false&amp;delayms=5000\">DC050101.Misi\u00f3n<\/a><\/p>\n","protected":false},"excerpt":{"rendered":"<p>La Misi\u00f3n, Visi\u00f3n y Valores de nuestro centro son los siguientes. DC050101.Misi\u00f3n<\/p>\n","protected":false},"author":1,"featured_media":0,"parent":0,"menu_order":0,"comment_status":"open","ping_status":"open","template":"","meta":[],"_links":{"self":[{"href":"https:\/\/cplosarcos.educacion.navarra.es\/blogs\/wp-json\/wp\/v2\/pages\/1074"}],"collection":[{"href":"https:\/\/cplosarcos.educacion.navarra.es\/blogs\/wp-json\/wp\/v2\/pages"}],"about":[{"href":"https:\/\/cplosarcos.educacion.navarra.es\/blogs\/wp-json\/wp\/v2\/types\/page"}],"author":[{"embeddable":true,"href":"https:\/\/cplosarcos.educacion.navarra.es\/blogs\/wp-json\/wp\/v2\/users\/1"}],"replies":[{"embeddable":true,"href":"https:\/\/cplosarcos.educacion.navarra.es\/blogs\/wp-json\/wp\/v2\/comments?post=1074"}],"version-history":[{"count":2,"href":"https:\/\/cplosarcos.educacion.navarra.es\/blogs\/wp-json\/wp\/v2\/pages\/1074\/revisions"}],"predecessor-version":[{"id":2224,"href":"https:\/\/cplosarcos.educacion.navarra.es\/blogs\/wp-json\/wp\/v2\/pages\/1074\/revisions\/2224"}],"wp:attachment":[{"href":"https:\/\/cplosarcos.educacion.navarra.es\/blogs\/wp-json\/wp\/v2\/media?parent=1074"}],"curies":[{"name":"wp","href":"https:\/\/api.w.org\/{rel}","templated":true}]}}