{"id":1125,"date":"2015-03-12T10:05:51","date_gmt":"2015-03-12T09:05:51","guid":{"rendered":"http:\/\/cplosarcos.educacion.navarra.es\/blogs\/?page_id=1125"},"modified":"2024-07-01T10:50:43","modified_gmt":"2024-07-01T08:50:43","slug":"plan-actividades-complementarias-201415","status":"publish","type":"page","link":"https:\/\/cplosarcos.educacion.navarra.es\/blogs\/plan-actividades-complementarias-201415\/","title":{"rendered":"PLAN ACTIVIDADES COMPLEMENTARIAS 2024\/25"},"content":{"rendered":"<p>El centro tiene programadas una serie de actividades extraescolares en horario de tarde, de lunes a viernes, con el horario 15:40 a 16:30. El listado de las actividades as\u00ed como el profesorado que las imparte se har\u00e1 p\u00fablico durante el mes de septiembre, al ya tener a todo el profesorado nuevo en el centro.<\/p>\n<p>Durante el mes de septiembre el Claustro aprobar\u00e1 la oferta de Actividades Complementarias, el Plan se publicar\u00e1 al ser finalizado y aprobado por el Claustro.<\/p>\n<p>\u00a0<\/p>\n<p>PLAN ACTIVIDADES COMPLEMENTARIAS Y EXTRAESCOLARES<\/p>\n<p>\u00a0<\/p>\n\n\n<p><\/p>\n","protected":false},"excerpt":{"rendered":"<p>El centro tiene programadas una serie de actividades extraescolares en horario de tarde, de lunes a viernes, con el horario 15:40 a 16:30. El listado de las actividades as\u00ed como el profesorado que las imparte se har\u00e1 p\u00fablico durante el mes de septiembre, al ya tener a todo el profesorado nuevo en el centro. Durante &hellip; <\/p>\n<p><a class=\"more-link btn\" href=\"https:\/\/cplosarcos.educacion.navarra.es\/blogs\/plan-actividades-complementarias-201415\/\">Continue reading<\/a><\/p>\n","protected":false},"author":1,"featured_media":0,"parent":0,"menu_order":0,"comment_status":"open","ping_status":"open","template":"","meta":[],"_links":{"self":[{"href":"https:\/\/cplosarcos.educacion.navarra.es\/blogs\/wp-json\/wp\/v2\/pages\/1125"}],"collection":[{"href":"https:\/\/cplosarcos.educacion.navarra.es\/blogs\/wp-json\/wp\/v2\/pages"}],"about":[{"href":"https:\/\/cplosarcos.educacion.navarra.es\/blogs\/wp-json\/wp\/v2\/types\/page"}],"author":[{"embeddable":true,"href":"https:\/\/cplosarcos.educacion.navarra.es\/blogs\/wp-json\/wp\/v2\/users\/1"}],"replies":[{"embeddable":true,"href":"https:\/\/cplosarcos.educacion.navarra.es\/blogs\/wp-json\/wp\/v2\/comments?post=1125"}],"version-history":[{"count":13,"href":"https:\/\/cplosarcos.educacion.navarra.es\/blogs\/wp-json\/wp\/v2\/pages\/1125\/revisions"}],"predecessor-version":[{"id":2986,"href":"https:\/\/cplosarcos.educacion.navarra.es\/blogs\/wp-json\/wp\/v2\/pages\/1125\/revisions\/2986"}],"wp:attachment":[{"href":"https:\/\/cplosarcos.educacion.navarra.es\/blogs\/wp-json\/wp\/v2\/media?parent=1125"}],"curies":[{"name":"wp","href":"https:\/\/api.w.org\/{rel}","templated":true}]}}