{"id":1525,"date":"2016-02-10T12:51:34","date_gmt":"2016-02-10T11:51:34","guid":{"rendered":"http:\/\/cplosarcos.educacion.navarra.es\/blogs\/?page_id=1525"},"modified":"2025-08-25T12:31:03","modified_gmt":"2025-08-25T10:31:03","slug":"comision-de-convivencia","status":"publish","type":"page","link":"https:\/\/cplosarcos.educacion.navarra.es\/blogs\/comision-de-convivencia\/","title":{"rendered":"COMISI\u00d3N DE CONVIVENCIA 2025-26"},"content":{"rendered":"<p>La Comisi\u00f3n de Convivencia de nuestro centro tiene como principal objetivo, gestionar todos los temas relacionados con la Convivencia, haciendo participes a profesores, alumnos y familias.<\/p>\n<p>Est\u00e1n establecidas 3 reuniones por curso, 1 por trimestre. En caso de ser necesario cualquier miembro de la comisi\u00f3n puede solicitar una convocatoria previa petici\u00f3n a la direcci\u00f3n del centro.<\/p>\n<p>Las reuniones ser\u00e1n presenciales salvo que por mayor\u00eda la comisi\u00f3n solicite hacerlas telem\u00e1ticamente.<\/p>\n<p>Los miembros de esta Comisi\u00f3n son:<\/p>\n<p><strong>EQUIPO DIRECTIVO\u00a0<\/strong><\/p>\n<p>Roberto L\u00f3pez<\/p>\n<p>Blanca D\u00edez (jefa de estudios)<\/p>\n<p><strong>PROFESORADO<\/strong><\/p>\n<p>INFANTIL: Mar\u00eda San Mart\u00edn<\/p>\n<p>PRIMARIA: Amaia L\u00f3pez y\/o Yolanda Azpilicueta<\/p>\n<p>SECUNDARIA: Blanca D\u00edez (jefa de estudios)<\/p>\n<p><strong>ALUMNADO<\/strong><br \/>\nPendiente de nombrar<\/p>\n<p><strong>FAMILIAS<\/strong><\/p>\n<p>Pendiente de nombrar<\/p>\n<p>A lo largo del curso pueden darse altas o bajas en la Comisi\u00f3n, por lo que se ir\u00e1 actualizando.<\/p>\n","protected":false},"excerpt":{"rendered":"<p>La Comisi\u00f3n de Convivencia de nuestro centro tiene como principal objetivo, gestionar todos los temas relacionados con la Convivencia, haciendo participes a profesores, alumnos y familias. Est\u00e1n establecidas 3 reuniones por curso, 1 por trimestre. En caso de ser necesario cualquier miembro de la comisi\u00f3n puede solicitar una convocatoria previa petici\u00f3n a la direcci\u00f3n del &hellip; <\/p>\n<p><a class=\"more-link btn\" href=\"https:\/\/cplosarcos.educacion.navarra.es\/blogs\/comision-de-convivencia\/\">Continue reading<\/a><\/p>\n","protected":false},"author":1,"featured_media":0,"parent":0,"menu_order":0,"comment_status":"closed","ping_status":"closed","template":"","meta":[],"_links":{"self":[{"href":"https:\/\/cplosarcos.educacion.navarra.es\/blogs\/wp-json\/wp\/v2\/pages\/1525"}],"collection":[{"href":"https:\/\/cplosarcos.educacion.navarra.es\/blogs\/wp-json\/wp\/v2\/pages"}],"about":[{"href":"https:\/\/cplosarcos.educacion.navarra.es\/blogs\/wp-json\/wp\/v2\/types\/page"}],"author":[{"embeddable":true,"href":"https:\/\/cplosarcos.educacion.navarra.es\/blogs\/wp-json\/wp\/v2\/users\/1"}],"replies":[{"embeddable":true,"href":"https:\/\/cplosarcos.educacion.navarra.es\/blogs\/wp-json\/wp\/v2\/comments?post=1525"}],"version-history":[{"count":12,"href":"https:\/\/cplosarcos.educacion.navarra.es\/blogs\/wp-json\/wp\/v2\/pages\/1525\/revisions"}],"predecessor-version":[{"id":3059,"href":"https:\/\/cplosarcos.educacion.navarra.es\/blogs\/wp-json\/wp\/v2\/pages\/1525\/revisions\/3059"}],"wp:attachment":[{"href":"https:\/\/cplosarcos.educacion.navarra.es\/blogs\/wp-json\/wp\/v2\/media?parent=1525"}],"curies":[{"name":"wp","href":"https:\/\/api.w.org\/{rel}","templated":true}]}}