{"id":2455,"date":"2020-09-22T10:00:07","date_gmt":"2020-09-22T08:00:07","guid":{"rendered":"http:\/\/cplosarcos.educacion.navarra.es\/blogs\/?page_id=2455"},"modified":"2025-09-19T13:13:45","modified_gmt":"2025-09-19T11:13:45","slug":"menus-comedor-escolar-2020-21","status":"publish","type":"page","link":"https:\/\/cplosarcos.educacion.navarra.es\/blogs\/menus-comedor-escolar-2020-21\/","title":{"rendered":"MEN\u00daS COMEDOR ESCOLAR 2025-26"},"content":{"rendered":"\n<p><\/p>\n\n\n\n<p>Para este curso 2025-26 ha habido un cambio tanto en la empresa de c\u00e1tering como de la normativa que regula el servicio.<\/p>\n\n\n\n<p>La empresa nos ha facilitado un enlace, el cual es din\u00e1mico, es decir se va ir actualizando solo (hemos probado y todav\u00eda no es operativo, estamos en contacto con la empresa para que solucionen el problema).<\/p>\n\n\n\n<p><a href=\"https:\/\/menuak.ausolan.com\/menu\/menuCentro\" target=\"_blank\" rel=\"noreferrer noopener\">ENLACE <\/a><\/p>\n\n\n\n<p><\/p>\n\n\n\n<p><\/p>\n\n\n\n<p><\/p>\n\n\n\n<p><\/p>\n\n\n\n<p><\/p>\n\n\n\n<p><\/p>\n","protected":false},"excerpt":{"rendered":"<p>Para este curso 2025-26 ha habido un cambio tanto en la empresa de c\u00e1tering como de la normativa que regula el servicio. La empresa nos ha facilitado un enlace, el cual es din\u00e1mico, es decir se va ir actualizando solo (hemos probado y todav\u00eda no es operativo, estamos en contacto con la empresa para que &hellip; <\/p>\n<p><a class=\"more-link btn\" href=\"https:\/\/cplosarcos.educacion.navarra.es\/blogs\/menus-comedor-escolar-2020-21\/\">Continue reading<\/a><\/p>\n","protected":false},"author":1,"featured_media":0,"parent":0,"menu_order":0,"comment_status":"closed","ping_status":"closed","template":"","meta":[],"_links":{"self":[{"href":"https:\/\/cplosarcos.educacion.navarra.es\/blogs\/wp-json\/wp\/v2\/pages\/2455"}],"collection":[{"href":"https:\/\/cplosarcos.educacion.navarra.es\/blogs\/wp-json\/wp\/v2\/pages"}],"about":[{"href":"https:\/\/cplosarcos.educacion.navarra.es\/blogs\/wp-json\/wp\/v2\/types\/page"}],"author":[{"embeddable":true,"href":"https:\/\/cplosarcos.educacion.navarra.es\/blogs\/wp-json\/wp\/v2\/users\/1"}],"replies":[{"embeddable":true,"href":"https:\/\/cplosarcos.educacion.navarra.es\/blogs\/wp-json\/wp\/v2\/comments?post=2455"}],"version-history":[{"count":29,"href":"https:\/\/cplosarcos.educacion.navarra.es\/blogs\/wp-json\/wp\/v2\/pages\/2455\/revisions"}],"predecessor-version":[{"id":3068,"href":"https:\/\/cplosarcos.educacion.navarra.es\/blogs\/wp-json\/wp\/v2\/pages\/2455\/revisions\/3068"}],"wp:attachment":[{"href":"https:\/\/cplosarcos.educacion.navarra.es\/blogs\/wp-json\/wp\/v2\/media?parent=2455"}],"curies":[{"name":"wp","href":"https:\/\/api.w.org\/{rel}","templated":true}]}}