{"id":913,"date":"2015-01-20T10:00:59","date_gmt":"2015-01-20T09:00:59","guid":{"rendered":"http:\/\/cplosarcos.educacion.navarra.es\/blogs\/?page_id=913"},"modified":"2025-08-25T12:15:47","modified_gmt":"2025-08-25T10:15:47","slug":"boletin-colegio","status":"publish","type":"page","link":"https:\/\/cplosarcos.educacion.navarra.es\/blogs\/boletin-colegio\/","title":{"rendered":"BOLET\u00cdN COLEGIO 2025-26 (normas del Centro&#8230;)"},"content":{"rendered":"<p>En el Bolet\u00edn del Colegio, se incluye informaci\u00f3n relativa al colegio, as\u00ed como las normas a tener en cuenta para el buen funcionamiento de nuestro Centro Educativo.<\/p>\n<p><\/p>\n\n\n<p><a href=\"https:\/\/drive.google.com\/file\/d\/1Fpq312hpcLg64VmmUW2iyOPv7l_mKScf\/view?usp=sharing\" target=\"_blank\" rel=\"noreferrer noopener\">BOLET\u00cdN DEL COLEGIO 2025-26<\/a><\/p>\n","protected":false},"excerpt":{"rendered":"<p>En el Bolet\u00edn del Colegio, se incluye informaci\u00f3n relativa al colegio, as\u00ed como las normas a tener en cuenta para el buen funcionamiento de nuestro Centro Educativo. BOLET\u00cdN DEL COLEGIO 2025-26<\/p>\n","protected":false},"author":1,"featured_media":0,"parent":0,"menu_order":0,"comment_status":"open","ping_status":"closed","template":"","meta":[],"_links":{"self":[{"href":"https:\/\/cplosarcos.educacion.navarra.es\/blogs\/wp-json\/wp\/v2\/pages\/913"}],"collection":[{"href":"https:\/\/cplosarcos.educacion.navarra.es\/blogs\/wp-json\/wp\/v2\/pages"}],"about":[{"href":"https:\/\/cplosarcos.educacion.navarra.es\/blogs\/wp-json\/wp\/v2\/types\/page"}],"author":[{"embeddable":true,"href":"https:\/\/cplosarcos.educacion.navarra.es\/blogs\/wp-json\/wp\/v2\/users\/1"}],"replies":[{"embeddable":true,"href":"https:\/\/cplosarcos.educacion.navarra.es\/blogs\/wp-json\/wp\/v2\/comments?post=913"}],"version-history":[{"count":20,"href":"https:\/\/cplosarcos.educacion.navarra.es\/blogs\/wp-json\/wp\/v2\/pages\/913\/revisions"}],"predecessor-version":[{"id":3049,"href":"https:\/\/cplosarcos.educacion.navarra.es\/blogs\/wp-json\/wp\/v2\/pages\/913\/revisions\/3049"}],"wp:attachment":[{"href":"https:\/\/cplosarcos.educacion.navarra.es\/blogs\/wp-json\/wp\/v2\/media?parent=913"}],"curies":[{"name":"wp","href":"https:\/\/api.w.org\/{rel}","templated":true}]}}